{"id":3274,"date":"2025-04-01T13:54:29","date_gmt":"2025-04-01T17:54:29","guid":{"rendered":"https:\/\/www.jsentrepreneur.com\/salt-spreading\/"},"modified":"2025-06-05T16:32:09","modified_gmt":"2025-06-05T20:32:09","slug":"salt-spreading","status":"publish","type":"page","link":"https:\/\/www.jsentrepreneur.com\/en\/services\/salt-spreading\/","title":{"rendered":"Salt Spreading"},"content":{"rendered":"<h1>Performance Salt and Urea Spreading<\/h1>\n<p>At JS Entrepreneur G\u00e9n\u00e9ral, we use advanced de-icing products to ensure the safety of your surfaces during winter, while minimizing environmental impact. Whether you manage a commercial, institutional, or airport site, we offer effective solutions tailored to your specific needs.<\/p>\n<p>Salt spreading can be included in your snow removal contract or offered as a standalone service, whether or not you are a regular client.<\/p>\n<h2>Performance Salt: Maximum Efficiency, Minimal Impact<\/h2>\n<p>Performance salt is a high-quality, pre-wetted salt enhanced with several additives to improve adhesion, speed, and visibility:<\/p>\n<ul>\n<li>\n\t\t\t\t\t\t\t<svg aria-hidden=\"true\" viewBox=\"0 0 512 512\" xmlns=\"http:\/\/www.w3.org\/2000\/svg\"><path d=\"M173.898 439.404l-166.4-166.4c-9.997-9.997-9.997-26.206 0-36.204l36.203-36.204c9.997-9.998 26.207-9.998 36.204 0L192 312.69 432.095 72.596c9.997-9.997 26.207-9.997 36.204 0l36.203 36.204c9.997 9.997 9.997 26.206 0 36.204l-294.4 294.401c-9.998 9.997-26.207 9.997-36.204-.001z\"><\/path><\/svg><br \/>\n\t\t\t\t\t\t\t\t\t\tPre-wetted with liquid calcium chloride\n\t\t\t\t\t\t\t\t\t<\/li>\n<li>\n\t\t\t\t\t\t\t<svg aria-hidden=\"true\" viewBox=\"0 0 512 512\" xmlns=\"http:\/\/www.w3.org\/2000\/svg\"><path d=\"M173.898 439.404l-166.4-166.4c-9.997-9.997-9.997-26.206 0-36.204l36.203-36.204c9.997-9.998 26.207-9.998 36.204 0L192 312.69 432.095 72.596c9.997-9.997 26.207-9.997 36.204 0l36.203 36.204c9.997 9.997 9.997 26.206 0 36.204l-294.4 294.401c-9.998 9.997-26.207 9.997-36.204-.001z\"><\/path><\/svg><br \/>\n\t\t\t\t\t\t\t\t\t\tBlue-tinted for improved visibility during application\n\t\t\t\t\t\t\t\t\t<\/li>\n<li>\n\t\t\t\t\t\t\t<svg aria-hidden=\"true\" viewBox=\"0 0 512 512\" xmlns=\"http:\/\/www.w3.org\/2000\/svg\"><path d=\"M173.898 439.404l-166.4-166.4c-9.997-9.997-9.997-26.206 0-36.204l36.203-36.204c9.997-9.998 26.207-9.998 36.204 0L192 312.69 432.095 72.596c9.997-9.997 26.207-9.997 36.204 0l36.203 36.204c9.997 9.997 9.997 26.206 0 36.204l-294.4 294.401c-9.998 9.997-26.207 9.997-36.204-.001z\"><\/path><\/svg><br \/>\n\t\t\t\t\t\t\t\t\t\tCorrosion inhibitor to protect your equipment and structures\n\t\t\t\t\t\t\t\t\t<\/li>\n<li>\n\t\t\t\t\t\t\t<svg aria-hidden=\"true\" viewBox=\"0 0 512 512\" xmlns=\"http:\/\/www.w3.org\/2000\/svg\"><path d=\"M173.898 439.404l-166.4-166.4c-9.997-9.997-9.997-26.206 0-36.204l36.203-36.204c9.997-9.998 26.207-9.998 36.204 0L192 312.69 432.095 72.596c9.997-9.997 26.207-9.997 36.204 0l36.203 36.204c9.997 9.997 9.997 26.206 0 36.204l-294.4 294.401c-9.998 9.997-26.207 9.997-36.204-.001z\"><\/path><\/svg><br \/>\n\t\t\t\t\t\t\t\t\t\tViscosity additive to fully coat each salt grain\n\t\t\t\t\t\t\t\t\t<\/li>\n<\/ul>\n<ul>\n<li>\n\t\t\t\t\t\t\t<svg aria-hidden=\"true\" viewBox=\"0 0 512 512\" xmlns=\"http:\/\/www.w3.org\/2000\/svg\"><path d=\"M173.898 439.404l-166.4-166.4c-9.997-9.997-9.997-26.206 0-36.204l36.203-36.204c9.997-9.998 26.207-9.998 36.204 0L192 312.69 432.095 72.596c9.997-9.997 26.207-9.997 36.204 0l36.203 36.204c9.997 9.997 9.997 26.206 0 36.204l-294.4 294.401c-9.998 9.997-26.207 9.997-36.204-.001z\"><\/path><\/svg><br \/>\n\t\t\t\t\t\t\t\t\t\tFast-acting even in very low temperatures (down to -20\u202f\u00b0C)\n\t\t\t\t\t\t\t\t\t<\/li>\n<li>\n\t\t\t\t\t\t\t<svg aria-hidden=\"true\" viewBox=\"0 0 512 512\" xmlns=\"http:\/\/www.w3.org\/2000\/svg\"><path d=\"M173.898 439.404l-166.4-166.4c-9.997-9.997-9.997-26.206 0-36.204l36.203-36.204c9.997-9.998 26.207-9.998 36.204 0L192 312.69 432.095 72.596c9.997-9.997 26.207-9.997 36.204 0l36.203 36.204c9.997 9.997 9.997 26.206 0 36.204l-294.4 294.401c-9.998 9.997-26.207 9.997-36.204-.001z\"><\/path><\/svg><br \/>\n\t\t\t\t\t\t\t\t\t\tReduced scatter loss from bouncing off pavement\n\t\t\t\t\t\t\t\t\t<\/li>\n<li>\n\t\t\t\t\t\t\t<svg aria-hidden=\"true\" viewBox=\"0 0 512 512\" xmlns=\"http:\/\/www.w3.org\/2000\/svg\"><path d=\"M173.898 439.404l-166.4-166.4c-9.997-9.997-9.997-26.206 0-36.204l36.203-36.204c9.997-9.998 26.207-9.998 36.204 0L192 312.69 432.095 72.596c9.997-9.997 26.207-9.997 36.204 0l36.203 36.204c9.997 9.997 9.997 26.206 0 36.204l-294.4 294.401c-9.998 9.997-26.207 9.997-36.204-.001z\"><\/path><\/svg><br \/>\n\t\t\t\t\t\t\t\t\t\tRequires less product = more eco-friendly solution\n\t\t\t\t\t\t\t\t\t<\/li>\n<\/ul>\n<h2>Our Spreading Services<\/h2>\n<ul>\n<li>\n\t\t\t\t\t\t\t<svg aria-hidden=\"true\" viewBox=\"0 0 512 512\" xmlns=\"http:\/\/www.w3.org\/2000\/svg\"><path d=\"M173.898 439.404l-166.4-166.4c-9.997-9.997-9.997-26.206 0-36.204l36.203-36.204c9.997-9.998 26.207-9.998 36.204 0L192 312.69 432.095 72.596c9.997-9.997 26.207-9.997 36.204 0l36.203 36.204c9.997 9.997 9.997 26.206 0 36.204l-294.4 294.401c-9.998 9.997-26.207 9.997-36.204-.001z\"><\/path><\/svg><br \/>\n\t\t\t\t\t\t\t\t\t\tMechanical spreading (specialized equipment)\n\t\t\t\t\t\t\t\t\t<\/li>\n<li>\n\t\t\t\t\t\t\t<svg aria-hidden=\"true\" viewBox=\"0 0 512 512\" xmlns=\"http:\/\/www.w3.org\/2000\/svg\"><path d=\"M173.898 439.404l-166.4-166.4c-9.997-9.997-9.997-26.206 0-36.204l36.203-36.204c9.997-9.998 26.207-9.998 36.204 0L192 312.69 432.095 72.596c9.997-9.997 26.207-9.997 36.204 0l36.203 36.204c9.997 9.997 9.997 26.206 0 36.204l-294.4 294.401c-9.998 9.997-26.207 9.997-36.204-.001z\"><\/path><\/svg><br \/>\n\t\t\t\t\t\t\t\t\t\tManual spreading (for restricted areas)\n\t\t\t\t\t\t\t\t\t<\/li>\n<li>\n\t\t\t\t\t\t\t<svg aria-hidden=\"true\" viewBox=\"0 0 512 512\" xmlns=\"http:\/\/www.w3.org\/2000\/svg\"><path d=\"M173.898 439.404l-166.4-166.4c-9.997-9.997-9.997-26.206 0-36.204l36.203-36.204c9.997-9.998 26.207-9.998 36.204 0L192 312.69 432.095 72.596c9.997-9.997 26.207-9.997 36.204 0l36.203 36.204c9.997 9.997 9.997 26.206 0 36.204l-294.4 294.401c-9.998 9.997-26.207 9.997-36.204-.001z\"><\/path><\/svg><br \/>\n\t\t\t\t\t\t\t\t\t\tSalt bin rental\n\t\t\t\t\t\t\t\t\t<\/li>\n<li>\n\t\t\t\t\t\t\t<svg aria-hidden=\"true\" viewBox=\"0 0 512 512\" xmlns=\"http:\/\/www.w3.org\/2000\/svg\"><path d=\"M173.898 439.404l-166.4-166.4c-9.997-9.997-9.997-26.206 0-36.204l36.203-36.204c9.997-9.998 26.207-9.998 36.204 0L192 312.69 432.095 72.596c9.997-9.997 26.207-9.997 36.204 0l36.203 36.204c9.997 9.997 9.997 26.206 0 36.204l-294.4 294.401c-9.998 9.997-26.207 9.997-36.204-.001z\"><\/path><\/svg><br \/>\n\t\t\t\t\t\t\t\t\t\tSalt bin refilling (one-time or contract-based)\n\t\t\t\t\t\t\t\t\t<\/li>\n<li>\n\t\t\t\t\t\t\t<svg aria-hidden=\"true\" viewBox=\"0 0 512 512\" xmlns=\"http:\/\/www.w3.org\/2000\/svg\"><path d=\"M173.898 439.404l-166.4-166.4c-9.997-9.997-9.997-26.206 0-36.204l36.203-36.204c9.997-9.998 26.207-9.998 36.204 0L192 312.69 432.095 72.596c9.997-9.997 26.207-9.997 36.204 0l36.203 36.204c9.997 9.997 9.997 26.206 0 36.204l-294.4 294.401c-9.998 9.997-26.207 9.997-36.204-.001z\"><\/path><\/svg><br \/>\n\t\t\t\t\t\t\t\t\t\tBulk or bagged deliveryLivraison en vrac ou en sac\n\t\t\t\t\t\t\t\t\t<\/li>\n<\/ul>\n<h2>Urea: An Approved Solution for Sensitive Environments<\/h2>\n<p>Urea-based de-icing granules are an effective, environmentally-friendly alternative for certain regulated environments.<\/p>\n<ul>\n<li>\n\t\t\t\t\t\t\t<svg aria-hidden=\"true\" viewBox=\"0 0 512 512\" xmlns=\"http:\/\/www.w3.org\/2000\/svg\"><path d=\"M173.898 439.404l-166.4-166.4c-9.997-9.997-9.997-26.206 0-36.204l36.203-36.204c9.997-9.998 26.207-9.998 36.204 0L192 312.69 432.095 72.596c9.997-9.997 26.207-9.997 36.204 0l36.203 36.204c9.997 9.997 9.997 26.206 0 36.204l-294.4 294.401c-9.998 9.997-26.207 9.997-36.204-.001z\"><\/path><\/svg><br \/>\n\t\t\t\t\t\t\t\t\t\tCommonly used in airport operations\n\t\t\t\t\t\t\t\t\t<\/li>\n<li>\n\t\t\t\t\t\t\t<svg aria-hidden=\"true\" viewBox=\"0 0 512 512\" xmlns=\"http:\/\/www.w3.org\/2000\/svg\"><path d=\"M173.898 439.404l-166.4-166.4c-9.997-9.997-9.997-26.206 0-36.204l36.203-36.204c9.997-9.998 26.207-9.998 36.204 0L192 312.69 432.095 72.596c9.997-9.997 26.207-9.997 36.204 0l36.203 36.204c9.997 9.997 9.997 26.206 0 36.204l-294.4 294.401c-9.998 9.997-26.207 9.997-36.204-.001z\"><\/path><\/svg><br \/>\n\t\t\t\t\t\t\t\t\t\tLess aggressive on sensitive infrastructure\n\t\t\t\t\t\t\t\t\t<\/li>\n<li>\n\t\t\t\t\t\t\t<svg aria-hidden=\"true\" viewBox=\"0 0 512 512\" xmlns=\"http:\/\/www.w3.org\/2000\/svg\"><path d=\"M173.898 439.404l-166.4-166.4c-9.997-9.997-9.997-26.206 0-36.204l36.203-36.204c9.997-9.998 26.207-9.998 36.204 0L192 312.69 432.095 72.596c9.997-9.997 26.207-9.997 36.204 0l36.203 36.204c9.997 9.997 9.997 26.206 0 36.204l-294.4 294.401c-9.998 9.997-26.207 9.997-36.204-.001z\"><\/path><\/svg><br \/>\n\t\t\t\t\t\t\t\t\t\tAlso suitable in some institutional or residential contexts\n\t\t\t\t\t\t\t\t\t<\/li>\n<\/ul>\n<h2>Provide safe access for your users throughout the winter season.<br \/>\n<\/h2>\n<p>JS Entrepreneur G\u00e9n\u00e9ral is committed to delivering high-performance products with precision and care.<\/p>\n","protected":false},"excerpt":{"rendered":"<p>Performance Salt and Urea Spreading At JS Entrepreneur G\u00e9n\u00e9ral, we use advanced de-icing products to ensure the safety of your surfaces during winter, while minimizing environmental impact. Whether you manage a commercial, institutional, or airport site, we offer effective solutions tailored to your specific needs. Salt spreading can be included in your snow removal contract [&hellip;]<\/p>\n","protected":false},"author":1,"featured_media":0,"parent":3415,"menu_order":6,"comment_status":"closed","ping_status":"closed","template":"","meta":{"footnotes":""},"class_list":["post-3274","page","type-page","status-publish","hentry"],"yoast_head":"<!-- This site is optimized with the Yoast SEO plugin v25.1 - https:\/\/yoast.com\/wordpress\/plugins\/seo\/ -->\n<title>Salt Spreading - JS Entrepreneur G\u00e9n\u00e9ral<\/title>\n<meta name=\"description\" content=\"Salt and Urea Spreading in Montreal and South Shore. Service and Delivery Effective de-icing products. Bulk or bag delivery. Fast estimate.\" \/>\n<meta name=\"robots\" content=\"index, follow, max-snippet:-1, max-image-preview:large, max-video-preview:-1\" \/>\n<link rel=\"canonical\" href=\"https:\/\/www.jsentrepreneur.com\/en\/services\/salt-spreading\/\" \/>\n<meta property=\"og:locale\" content=\"en_US\" \/>\n<meta property=\"og:type\" content=\"article\" \/>\n<meta property=\"og:title\" content=\"Salt Spreading - JS Entrepreneur G\u00e9n\u00e9ral\" \/>\n<meta property=\"og:description\" content=\"Salt and Urea Spreading in Montreal and South Shore. Service and Delivery Effective de-icing products. Bulk or bag delivery. Fast estimate.\" \/>\n<meta property=\"og:url\" content=\"https:\/\/www.jsentrepreneur.com\/en\/services\/salt-spreading\/\" \/>\n<meta property=\"og:site_name\" content=\"JS Entrepreneur G\u00e9n\u00e9ral\" \/>\n<meta property=\"article:modified_time\" content=\"2025-06-05T20:32:09+00:00\" \/>\n<meta name=\"twitter:card\" content=\"summary_large_image\" \/>\n<meta name=\"twitter:label1\" content=\"Est. reading time\" \/>\n\t<meta name=\"twitter:data1\" content=\"1 minute\" \/>\n<script type=\"application\/ld+json\" class=\"yoast-schema-graph\">{\"@context\":\"https:\/\/schema.org\",\"@graph\":[{\"@type\":\"WebPage\",\"@id\":\"https:\/\/www.jsentrepreneur.com\/en\/services\/salt-spreading\/\",\"url\":\"https:\/\/www.jsentrepreneur.com\/en\/services\/salt-spreading\/\",\"name\":\"Salt Spreading - JS Entrepreneur G\u00e9n\u00e9ral\",\"isPartOf\":{\"@id\":\"https:\/\/www.jsentrepreneur.com\/#website\"},\"datePublished\":\"2025-04-01T17:54:29+00:00\",\"dateModified\":\"2025-06-05T20:32:09+00:00\",\"description\":\"Salt and Urea Spreading in Montreal and South Shore. Service and Delivery Effective de-icing products. Bulk or bag delivery. Fast estimate.\",\"breadcrumb\":{\"@id\":\"https:\/\/www.jsentrepreneur.com\/en\/services\/salt-spreading\/#breadcrumb\"},\"inLanguage\":\"en-US\",\"potentialAction\":[{\"@type\":\"ReadAction\",\"target\":[\"https:\/\/www.jsentrepreneur.com\/en\/services\/salt-spreading\/\"]}]},{\"@type\":\"BreadcrumbList\",\"@id\":\"https:\/\/www.jsentrepreneur.com\/en\/services\/salt-spreading\/#breadcrumb\",\"itemListElement\":[{\"@type\":\"ListItem\",\"position\":1,\"name\":\"Home\",\"item\":\"https:\/\/www.jsentrepreneur.com\/en\/\"},{\"@type\":\"ListItem\",\"position\":2,\"name\":\"Services\",\"item\":\"https:\/\/www.jsentrepreneur.com\/en\/services\/\"},{\"@type\":\"ListItem\",\"position\":3,\"name\":\"Salt Spreading\"}]},{\"@type\":\"WebSite\",\"@id\":\"https:\/\/www.jsentrepreneur.com\/#website\",\"url\":\"https:\/\/www.jsentrepreneur.com\/\",\"name\":\"JS Entrepreneur G\u00e9n\u00e9ral\",\"description\":\"JS Entrepreneur G\u00e9n\u00e9ral, votre Partenaire de Confiance\",\"publisher\":{\"@id\":\"https:\/\/www.jsentrepreneur.com\/#organization\"},\"potentialAction\":[{\"@type\":\"SearchAction\",\"target\":{\"@type\":\"EntryPoint\",\"urlTemplate\":\"https:\/\/www.jsentrepreneur.com\/?s={search_term_string}\"},\"query-input\":{\"@type\":\"PropertyValueSpecification\",\"valueRequired\":true,\"valueName\":\"search_term_string\"}}],\"inLanguage\":\"en-US\"},{\"@type\":\"Organization\",\"@id\":\"https:\/\/www.jsentrepreneur.com\/#organization\",\"name\":\"JS Entrepreneur G\u00e9n\u00e9ral\",\"url\":\"https:\/\/www.jsentrepreneur.com\/\",\"logo\":{\"@type\":\"ImageObject\",\"inLanguage\":\"en-US\",\"@id\":\"https:\/\/www.jsentrepreneur.com\/#\/schema\/logo\/image\/\",\"url\":\"https:\/\/www.jsentrepreneur.com\/wp-content\/uploads\/2024\/05\/Logo_hori_JS_Entrepreneur.svg\",\"contentUrl\":\"https:\/\/www.jsentrepreneur.com\/wp-content\/uploads\/2024\/05\/Logo_hori_JS_Entrepreneur.svg\",\"width\":632,\"height\":374,\"caption\":\"JS Entrepreneur G\u00e9n\u00e9ral\"},\"image\":{\"@id\":\"https:\/\/www.jsentrepreneur.com\/#\/schema\/logo\/image\/\"}}]}<\/script>\n<!-- \/ Yoast SEO plugin. -->","yoast_head_json":{"title":"Salt Spreading - JS Entrepreneur G\u00e9n\u00e9ral","description":"Salt and Urea Spreading in Montreal and South Shore. Service and Delivery Effective de-icing products. Bulk or bag delivery. Fast estimate.","robots":{"index":"index","follow":"follow","max-snippet":"max-snippet:-1","max-image-preview":"max-image-preview:large","max-video-preview":"max-video-preview:-1"},"canonical":"https:\/\/www.jsentrepreneur.com\/en\/services\/salt-spreading\/","og_locale":"en_US","og_type":"article","og_title":"Salt Spreading - JS Entrepreneur G\u00e9n\u00e9ral","og_description":"Salt and Urea Spreading in Montreal and South Shore. Service and Delivery Effective de-icing products. Bulk or bag delivery. Fast estimate.","og_url":"https:\/\/www.jsentrepreneur.com\/en\/services\/salt-spreading\/","og_site_name":"JS Entrepreneur G\u00e9n\u00e9ral","article_modified_time":"2025-06-05T20:32:09+00:00","twitter_card":"summary_large_image","twitter_misc":{"Est. reading time":"1 minute"},"schema":{"@context":"https:\/\/schema.org","@graph":[{"@type":"WebPage","@id":"https:\/\/www.jsentrepreneur.com\/en\/services\/salt-spreading\/","url":"https:\/\/www.jsentrepreneur.com\/en\/services\/salt-spreading\/","name":"Salt Spreading - JS Entrepreneur G\u00e9n\u00e9ral","isPartOf":{"@id":"https:\/\/www.jsentrepreneur.com\/#website"},"datePublished":"2025-04-01T17:54:29+00:00","dateModified":"2025-06-05T20:32:09+00:00","description":"Salt and Urea Spreading in Montreal and South Shore. Service and Delivery Effective de-icing products. Bulk or bag delivery. Fast estimate.","breadcrumb":{"@id":"https:\/\/www.jsentrepreneur.com\/en\/services\/salt-spreading\/#breadcrumb"},"inLanguage":"en-US","potentialAction":[{"@type":"ReadAction","target":["https:\/\/www.jsentrepreneur.com\/en\/services\/salt-spreading\/"]}]},{"@type":"BreadcrumbList","@id":"https:\/\/www.jsentrepreneur.com\/en\/services\/salt-spreading\/#breadcrumb","itemListElement":[{"@type":"ListItem","position":1,"name":"Home","item":"https:\/\/www.jsentrepreneur.com\/en\/"},{"@type":"ListItem","position":2,"name":"Services","item":"https:\/\/www.jsentrepreneur.com\/en\/services\/"},{"@type":"ListItem","position":3,"name":"Salt Spreading"}]},{"@type":"WebSite","@id":"https:\/\/www.jsentrepreneur.com\/#website","url":"https:\/\/www.jsentrepreneur.com\/","name":"JS Entrepreneur G\u00e9n\u00e9ral","description":"JS Entrepreneur G\u00e9n\u00e9ral, votre Partenaire de Confiance","publisher":{"@id":"https:\/\/www.jsentrepreneur.com\/#organization"},"potentialAction":[{"@type":"SearchAction","target":{"@type":"EntryPoint","urlTemplate":"https:\/\/www.jsentrepreneur.com\/?s={search_term_string}"},"query-input":{"@type":"PropertyValueSpecification","valueRequired":true,"valueName":"search_term_string"}}],"inLanguage":"en-US"},{"@type":"Organization","@id":"https:\/\/www.jsentrepreneur.com\/#organization","name":"JS Entrepreneur G\u00e9n\u00e9ral","url":"https:\/\/www.jsentrepreneur.com\/","logo":{"@type":"ImageObject","inLanguage":"en-US","@id":"https:\/\/www.jsentrepreneur.com\/#\/schema\/logo\/image\/","url":"https:\/\/www.jsentrepreneur.com\/wp-content\/uploads\/2024\/05\/Logo_hori_JS_Entrepreneur.svg","contentUrl":"https:\/\/www.jsentrepreneur.com\/wp-content\/uploads\/2024\/05\/Logo_hori_JS_Entrepreneur.svg","width":632,"height":374,"caption":"JS Entrepreneur G\u00e9n\u00e9ral"},"image":{"@id":"https:\/\/www.jsentrepreneur.com\/#\/schema\/logo\/image\/"}}]}},"_links":{"self":[{"href":"https:\/\/www.jsentrepreneur.com\/en\/wp-json\/wp\/v2\/pages\/3274","targetHints":{"allow":["GET"]}}],"collection":[{"href":"https:\/\/www.jsentrepreneur.com\/en\/wp-json\/wp\/v2\/pages"}],"about":[{"href":"https:\/\/www.jsentrepreneur.com\/en\/wp-json\/wp\/v2\/types\/page"}],"author":[{"embeddable":true,"href":"https:\/\/www.jsentrepreneur.com\/en\/wp-json\/wp\/v2\/users\/1"}],"replies":[{"embeddable":true,"href":"https:\/\/www.jsentrepreneur.com\/en\/wp-json\/wp\/v2\/comments?post=3274"}],"version-history":[{"count":1,"href":"https:\/\/www.jsentrepreneur.com\/en\/wp-json\/wp\/v2\/pages\/3274\/revisions"}],"predecessor-version":[{"id":3275,"href":"https:\/\/www.jsentrepreneur.com\/en\/wp-json\/wp\/v2\/pages\/3274\/revisions\/3275"}],"up":[{"embeddable":true,"href":"https:\/\/www.jsentrepreneur.com\/en\/wp-json\/wp\/v2\/pages\/3415"}],"wp:attachment":[{"href":"https:\/\/www.jsentrepreneur.com\/en\/wp-json\/wp\/v2\/media?parent=3274"}],"curies":[{"name":"wp","href":"https:\/\/api.w.org\/{rel}","templated":true}]}}