{"id":3276,"date":"2025-04-01T13:57:57","date_gmt":"2025-04-01T17:57:57","guid":{"rendered":"https:\/\/www.jsentrepreneur.com\/snow-hauling\/"},"modified":"2025-06-05T16:32:09","modified_gmt":"2025-06-05T20:32:09","slug":"snow-hauling","status":"publish","type":"page","link":"https:\/\/www.jsentrepreneur.com\/en\/services\/snow-hauling\/","title":{"rendered":"Snow Hauling"},"content":{"rendered":"\t\t<div data-elementor-type=\"wp-page\" data-elementor-id=\"3276\" class=\"elementor elementor-3276 elementor-1889\" data-elementor-post-type=\"page\">\n\t\t\t\t<div class=\"elementor-element elementor-element-259cd67d e-flex e-con-boxed e-con e-parent\" data-id=\"259cd67d\" data-element_type=\"container\" data-settings=\"{&quot;background_background&quot;:&quot;classic&quot;,&quot;jet_parallax_layout_list&quot;:[],&quot;background_motion_fx_motion_fx_scrolling&quot;:&quot;yes&quot;,&quot;background_motion_fx_scale_effect&quot;:&quot;yes&quot;,&quot;background_motion_fx_scale_direction&quot;:&quot;in-out&quot;,&quot;background_motion_fx_scale_speed&quot;:{&quot;unit&quot;:&quot;px&quot;,&quot;size&quot;:4,&quot;sizes&quot;:[]},&quot;background_motion_fx_scale_range&quot;:{&quot;unit&quot;:&quot;%&quot;,&quot;size&quot;:&quot;&quot;,&quot;sizes&quot;:{&quot;start&quot;:20,&quot;end&quot;:80}},&quot;background_motion_fx_devices&quot;:[&quot;widescreen&quot;,&quot;desktop&quot;,&quot;tablet&quot;,&quot;mobile&quot;]}\">\n\t\t\t\t\t<div class=\"e-con-inner\">\n\t\t\t\t<div class=\"elementor-element elementor-element-4901a915 animated-fast elementor-invisible elementor-widget elementor-widget-heading\" data-id=\"4901a915\" data-element_type=\"widget\" data-settings=\"{&quot;_animation&quot;:&quot;fadeInUp&quot;,&quot;_animation_delay&quot;:100}\" data-widget_type=\"heading.default\">\n\t\t\t\t<div class=\"elementor-widget-container\">\n\t\t\t\t\t<h1 class=\"elementor-heading-title elementor-size-default\">Commercial Snow Hauling<\/h1>\t\t\t\t<\/div>\n\t\t\t\t<\/div>\n\t\t\t\t\t<\/div>\n\t\t\t\t<\/div>\n\t\t<div class=\"elementor-element elementor-element-268f18a1 e-grid e-con-boxed e-con e-parent\" data-id=\"268f18a1\" data-element_type=\"container\" data-settings=\"{&quot;jet_parallax_layout_list&quot;:[]}\">\n\t\t\t\t\t<div class=\"e-con-inner\">\n\t\t<div class=\"elementor-element elementor-element-5dd6ddd6 e-flex e-con-boxed e-con e-child\" data-id=\"5dd6ddd6\" data-element_type=\"container\" data-settings=\"{&quot;background_background&quot;:&quot;classic&quot;,&quot;jet_parallax_layout_list&quot;:[]}\">\n\t\t\t\t\t<div class=\"e-con-inner\">\n\t\t\t\t<div class=\"elementor-element elementor-element-280bf52a elementor-invisible elementor-widget elementor-widget-text-editor\" data-id=\"280bf52a\" data-element_type=\"widget\" data-settings=\"{&quot;_animation&quot;:&quot;fadeInUp&quot;}\" data-widget_type=\"text-editor.default\">\n\t\t\t\t<div class=\"elementor-widget-container\">\n\t\t\t\t\t\t\t\t\t<p>The accumulation of snow in parking lots or storage areas can quickly become a barrier to your operations. To ensure the safety of your employees and customer, and to maintain full functionality of your outdoor spaces, JS Entrepreneur G\u00e9n\u00e9ral offers turnkey snow loading and hauling services.<\/p><p>Even when our operators maximize the available space on your site, there comes a point when mechanical snow removal alone is no longer enough. That\u2019s when snow hauling becomes essential.<\/p>\t\t\t\t\t\t\t\t<\/div>\n\t\t\t\t<\/div>\n\t\t\t\t\t<\/div>\n\t\t\t\t<\/div>\n\t\t\t\t\t<\/div>\n\t\t\t\t<\/div>\n\t\t<div class=\"elementor-element elementor-element-6d533556 e-grid e-con-boxed e-con e-parent\" data-id=\"6d533556\" data-element_type=\"container\" data-settings=\"{&quot;jet_parallax_layout_list&quot;:[]}\">\n\t\t\t\t\t<div class=\"e-con-inner\">\n\t\t<div class=\"elementor-element elementor-element-74a7d097 e-flex e-con-boxed e-con e-child\" data-id=\"74a7d097\" data-element_type=\"container\" data-settings=\"{&quot;jet_parallax_layout_list&quot;:[]}\">\n\t\t\t\t\t<div class=\"e-con-inner\">\n\t\t\t\t<div class=\"elementor-element elementor-element-4d61ab3f animated-fast elementor-invisible elementor-widget elementor-widget-heading\" data-id=\"4d61ab3f\" data-element_type=\"widget\" data-settings=\"{&quot;_animation&quot;:&quot;fadeInUp&quot;,&quot;_animation_delay&quot;:100}\" data-widget_type=\"heading.default\">\n\t\t\t\t<div class=\"elementor-widget-container\">\n\t\t\t\t\t<h2 class=\"elementor-heading-title elementor-size-default\">Efficient and Responsible Snow Management<\/h2>\t\t\t\t<\/div>\n\t\t\t\t<\/div>\n\t\t\t\t<div class=\"elementor-element elementor-element-7e28bfd2 elementor-widget elementor-widget-text-editor\" data-id=\"7e28bfd2\" data-element_type=\"widget\" data-widget_type=\"text-editor.default\">\n\t\t\t\t<div class=\"elementor-widget-container\">\n\t\t\t\t\t\t\t\t\t<p>We provide fast loading and safe transportation of snow to disposal sites authorized by the Ministry of Transport, in full compliance with environmental regulations.<\/p><p>Our team acts quickly and in coordination to minimize any disruptions to your business operations.<\/p>\t\t\t\t\t\t\t\t<\/div>\n\t\t\t\t<\/div>\n\t\t\t\t<div class=\"elementor-element elementor-element-4fefcf09 animated-fast elementor-invisible elementor-widget elementor-widget-heading\" data-id=\"4fefcf09\" data-element_type=\"widget\" data-settings=\"{&quot;_animation&quot;:&quot;fadeInUp&quot;,&quot;_animation_delay&quot;:100}\" data-widget_type=\"heading.default\">\n\t\t\t\t<div class=\"elementor-widget-container\">\n\t\t\t\t\t<h2 class=\"elementor-heading-title elementor-size-default\">Our Equipment<\/h2>\t\t\t\t<\/div>\n\t\t\t\t<\/div>\n\t\t\t\t<div class=\"elementor-element elementor-element-2339c911 elementor-mobile-align-center elementor-icon-list--layout-traditional elementor-list-item-link-full_width elementor-widget elementor-widget-icon-list\" data-id=\"2339c911\" data-element_type=\"widget\" data-widget_type=\"icon-list.default\">\n\t\t\t\t<div class=\"elementor-widget-container\">\n\t\t\t\t\t\t\t<ul class=\"elementor-icon-list-items\">\n\t\t\t\t\t\t\t<li class=\"elementor-icon-list-item\">\n\t\t\t\t\t\t\t\t\t\t\t<span class=\"elementor-icon-list-icon\">\n\t\t\t\t\t\t\t<svg aria-hidden=\"true\" class=\"e-font-icon-svg e-fas-check\" viewBox=\"0 0 512 512\" xmlns=\"http:\/\/www.w3.org\/2000\/svg\"><path d=\"M173.898 439.404l-166.4-166.4c-9.997-9.997-9.997-26.206 0-36.204l36.203-36.204c9.997-9.998 26.207-9.998 36.204 0L192 312.69 432.095 72.596c9.997-9.997 26.207-9.997 36.204 0l36.203 36.204c9.997 9.997 9.997 26.206 0 36.204l-294.4 294.401c-9.998 9.997-26.207 9.997-36.204-.001z\"><\/path><\/svg>\t\t\t\t\t\t<\/span>\n\t\t\t\t\t\t\t\t\t\t<span class=\"elementor-icon-list-text\">Wheel loaders for quick and efficient loading<\/span>\n\t\t\t\t\t\t\t\t\t<\/li>\n\t\t\t\t\t\t\t\t<li class=\"elementor-icon-list-item\">\n\t\t\t\t\t\t\t\t\t\t\t<span class=\"elementor-icon-list-icon\">\n\t\t\t\t\t\t\t<svg aria-hidden=\"true\" class=\"e-font-icon-svg e-fas-check\" viewBox=\"0 0 512 512\" xmlns=\"http:\/\/www.w3.org\/2000\/svg\"><path d=\"M173.898 439.404l-166.4-166.4c-9.997-9.997-9.997-26.206 0-36.204l36.203-36.204c9.997-9.998 26.207-9.998 36.204 0L192 312.69 432.095 72.596c9.997-9.997 26.207-9.997 36.204 0l36.203 36.204c9.997 9.997 9.997 26.206 0 36.204l-294.4 294.401c-9.998 9.997-26.207 9.997-36.204-.001z\"><\/path><\/svg>\t\t\t\t\t\t<\/span>\n\t\t\t\t\t\t\t\t\t\t<span class=\"elementor-icon-list-text\">6-, 10, and 12-wheel trucks suitable for any situation<\/span>\n\t\t\t\t\t\t\t\t\t<\/li>\n\t\t\t\t\t\t\t\t<li class=\"elementor-icon-list-item\">\n\t\t\t\t\t\t\t\t\t\t\t<span class=\"elementor-icon-list-icon\">\n\t\t\t\t\t\t\t<svg aria-hidden=\"true\" class=\"e-font-icon-svg e-fas-check\" viewBox=\"0 0 512 512\" xmlns=\"http:\/\/www.w3.org\/2000\/svg\"><path d=\"M173.898 439.404l-166.4-166.4c-9.997-9.997-9.997-26.206 0-36.204l36.203-36.204c9.997-9.998 26.207-9.998 36.204 0L192 312.69 432.095 72.596c9.997-9.997 26.207-9.997 36.204 0l36.203 36.204c9.997 9.997 9.997 26.206 0 36.204l-294.4 294.401c-9.998 9.997-26.207 9.997-36.204-.001z\"><\/path><\/svg>\t\t\t\t\t\t<\/span>\n\t\t\t\t\t\t\t\t\t\t<span class=\"elementor-icon-list-text\">Skilled and experienced operators<\/span>\n\t\t\t\t\t\t\t\t\t<\/li>\n\t\t\t\t\t\t<\/ul>\n\t\t\t\t\t\t<\/div>\n\t\t\t\t<\/div>\n\t\t\t\t\t<\/div>\n\t\t\t\t<\/div>\n\t\t<div class=\"elementor-element elementor-element-6e306817 e-flex e-con-boxed e-con e-child\" data-id=\"6e306817\" data-element_type=\"container\" data-settings=\"{&quot;background_background&quot;:&quot;classic&quot;,&quot;jet_parallax_layout_list&quot;:[]}\">\n\t\t\t\t\t<div class=\"e-con-inner\">\n\t\t\t\t\t<\/div>\n\t\t\t\t<\/div>\n\t\t\t\t\t<\/div>\n\t\t\t\t<\/div>\n\t\t<div class=\"elementor-element elementor-element-1ac3fcff e-con-full e-flex e-con e-parent\" data-id=\"1ac3fcff\" data-element_type=\"container\" data-settings=\"{&quot;background_background&quot;:&quot;classic&quot;,&quot;jet_parallax_layout_list&quot;:[]}\">\n\t\t\t\t<div class=\"elementor-element elementor-element-6c5e0428 animated-fast elementor-invisible elementor-widget elementor-widget-heading\" data-id=\"6c5e0428\" data-element_type=\"widget\" data-settings=\"{&quot;_animation&quot;:&quot;fadeInUp&quot;,&quot;_animation_delay&quot;:100}\" data-widget_type=\"heading.default\">\n\t\t\t\t<div class=\"elementor-widget-container\">\n\t\t\t\t\t<h2 class=\"elementor-heading-title elementor-size-default\">Clear your spaces<\/h2>\t\t\t\t<\/div>\n\t\t\t\t<\/div>\n\t\t\t\t<div class=\"elementor-element elementor-element-17974b22 elementor-widget elementor-widget-text-editor\" data-id=\"17974b22\" data-element_type=\"widget\" data-widget_type=\"text-editor.default\">\n\t\t\t\t<div class=\"elementor-widget-container\">\n\t\t\t\t\t\t\t\t\t<p>Reduce risks, and ensure safe access to your facilities all winter long.<br>Contact JS Entrepreneur G\u00e9n\u00e9ral today for a fast and accurate quote.<\/p>\t\t\t\t\t\t\t\t<\/div>\n\t\t\t\t<\/div>\n\t\t\t\t<div class=\"elementor-element elementor-element-9f02803 elementor-widget elementor-widget-jet-button\" data-id=\"9f02803\" data-element_type=\"widget\" data-widget_type=\"jet-button.default\">\n\t\t\t\t<div class=\"elementor-widget-container\">\n\t\t\t\t\t<div class=\"elementor-jet-button jet-elements\"><div class=\"jet-button__container\">\n\t<a class=\"jet-button__instance jet-button__instance--icon-right hover-effect-4\" href=\"https:\/\/www.jsentrepreneur.com\/contactez-nous\/\">\n\t\t<div class=\"jet-button__plane jet-button__plane-normal\"><\/div>\n\t\t<div class=\"jet-button__plane jet-button__plane-hover\"><\/div>\n\t\t<div class=\"jet-button__state jet-button__state-normal\">\n\t\t\t<span class=\"jet-button__icon jet-elements-icon\"><i aria-hidden=\"true\" class=\"far fa-arrow-right\"><\/i><\/span><span class=\"jet-button__label\">Contact us<\/span>\t\t<\/div>\n\t\t<div class=\"jet-button__state jet-button__state-hover\">\n\t\t\t<span class=\"jet-button__icon jet-elements-icon\"><i aria-hidden=\"true\" class=\"far fa-arrow-right\"><\/i><\/span><span class=\"jet-button__label\">Contact us<\/span>\t\t<\/div>\n\t<\/a>\n<\/div>\n<\/div>\t\t\t\t<\/div>\n\t\t\t\t<\/div>\n\t\t\t\t<\/div>\n\t\t\t\t<\/div>\n\t\t","protected":false},"excerpt":{"rendered":"<p>Commercial Snow Hauling The accumulation of snow in parking lots or storage areas can quickly become a barrier to your operations. To ensure the safety of your employees and customer, and to maintain full functionality of your outdoor spaces, JS Entrepreneur G\u00e9n\u00e9ral offers turnkey snow loading and hauling services. Even when our operators maximize the [&hellip;]<\/p>\n","protected":false},"author":1,"featured_media":0,"parent":3415,"menu_order":6,"comment_status":"closed","ping_status":"closed","template":"elementor_theme","meta":{"footnotes":""},"class_list":["post-3276","page","type-page","status-publish","hentry"],"yoast_head":"<!-- This site is optimized with the Yoast SEO plugin v25.1 - https:\/\/yoast.com\/wordpress\/plugins\/seo\/ -->\n<title>Snow Hauling - JS Entrepreneur G\u00e9n\u00e9ral<\/title>\n<meta name=\"description\" content=\"Snow loading and transport service for parking lots and commercial spaces. Disposal at authorized sites. Quick response. South Shore of Montreal.\" \/>\n<meta name=\"robots\" content=\"index, follow, max-snippet:-1, max-image-preview:large, max-video-preview:-1\" \/>\n<link rel=\"canonical\" href=\"https:\/\/www.jsentrepreneur.com\/en\/services\/snow-hauling\/\" \/>\n<meta property=\"og:locale\" content=\"en_US\" \/>\n<meta property=\"og:type\" content=\"article\" \/>\n<meta property=\"og:title\" content=\"Snow Hauling - JS Entrepreneur G\u00e9n\u00e9ral\" \/>\n<meta property=\"og:description\" content=\"Snow loading and transport service for parking lots and commercial spaces. Disposal at authorized sites. Quick response. South Shore of Montreal.\" \/>\n<meta property=\"og:url\" content=\"https:\/\/www.jsentrepreneur.com\/en\/services\/snow-hauling\/\" \/>\n<meta property=\"og:site_name\" content=\"JS Entrepreneur G\u00e9n\u00e9ral\" \/>\n<meta property=\"article:modified_time\" content=\"2025-06-05T20:32:09+00:00\" \/>\n<meta name=\"twitter:card\" content=\"summary_large_image\" \/>\n<meta name=\"twitter:label1\" content=\"Est. reading time\" \/>\n\t<meta name=\"twitter:data1\" content=\"1 minute\" \/>\n<script type=\"application\/ld+json\" class=\"yoast-schema-graph\">{\"@context\":\"https:\/\/schema.org\",\"@graph\":[{\"@type\":\"WebPage\",\"@id\":\"https:\/\/www.jsentrepreneur.com\/en\/services\/snow-hauling\/\",\"url\":\"https:\/\/www.jsentrepreneur.com\/en\/services\/snow-hauling\/\",\"name\":\"Snow Hauling - JS Entrepreneur G\u00e9n\u00e9ral\",\"isPartOf\":{\"@id\":\"https:\/\/www.jsentrepreneur.com\/#website\"},\"datePublished\":\"2025-04-01T17:57:57+00:00\",\"dateModified\":\"2025-06-05T20:32:09+00:00\",\"description\":\"Snow loading and transport service for parking lots and commercial spaces. Disposal at authorized sites. Quick response. South Shore of Montreal.\",\"breadcrumb\":{\"@id\":\"https:\/\/www.jsentrepreneur.com\/en\/services\/snow-hauling\/#breadcrumb\"},\"inLanguage\":\"en-US\",\"potentialAction\":[{\"@type\":\"ReadAction\",\"target\":[\"https:\/\/www.jsentrepreneur.com\/en\/services\/snow-hauling\/\"]}]},{\"@type\":\"BreadcrumbList\",\"@id\":\"https:\/\/www.jsentrepreneur.com\/en\/services\/snow-hauling\/#breadcrumb\",\"itemListElement\":[{\"@type\":\"ListItem\",\"position\":1,\"name\":\"Home\",\"item\":\"https:\/\/www.jsentrepreneur.com\/en\/\"},{\"@type\":\"ListItem\",\"position\":2,\"name\":\"Services\",\"item\":\"https:\/\/www.jsentrepreneur.com\/en\/services\/\"},{\"@type\":\"ListItem\",\"position\":3,\"name\":\"Snow Hauling\"}]},{\"@type\":\"WebSite\",\"@id\":\"https:\/\/www.jsentrepreneur.com\/#website\",\"url\":\"https:\/\/www.jsentrepreneur.com\/\",\"name\":\"JS Entrepreneur G\u00e9n\u00e9ral\",\"description\":\"JS Entrepreneur G\u00e9n\u00e9ral, votre Partenaire de Confiance\",\"publisher\":{\"@id\":\"https:\/\/www.jsentrepreneur.com\/#organization\"},\"potentialAction\":[{\"@type\":\"SearchAction\",\"target\":{\"@type\":\"EntryPoint\",\"urlTemplate\":\"https:\/\/www.jsentrepreneur.com\/?s={search_term_string}\"},\"query-input\":{\"@type\":\"PropertyValueSpecification\",\"valueRequired\":true,\"valueName\":\"search_term_string\"}}],\"inLanguage\":\"en-US\"},{\"@type\":\"Organization\",\"@id\":\"https:\/\/www.jsentrepreneur.com\/#organization\",\"name\":\"JS Entrepreneur G\u00e9n\u00e9ral\",\"url\":\"https:\/\/www.jsentrepreneur.com\/\",\"logo\":{\"@type\":\"ImageObject\",\"inLanguage\":\"en-US\",\"@id\":\"https:\/\/www.jsentrepreneur.com\/#\/schema\/logo\/image\/\",\"url\":\"https:\/\/www.jsentrepreneur.com\/wp-content\/uploads\/2024\/05\/Logo_hori_JS_Entrepreneur.svg\",\"contentUrl\":\"https:\/\/www.jsentrepreneur.com\/wp-content\/uploads\/2024\/05\/Logo_hori_JS_Entrepreneur.svg\",\"width\":632,\"height\":374,\"caption\":\"JS Entrepreneur G\u00e9n\u00e9ral\"},\"image\":{\"@id\":\"https:\/\/www.jsentrepreneur.com\/#\/schema\/logo\/image\/\"}}]}<\/script>\n<!-- \/ Yoast SEO plugin. -->","yoast_head_json":{"title":"Snow Hauling - JS Entrepreneur G\u00e9n\u00e9ral","description":"Snow loading and transport service for parking lots and commercial spaces. Disposal at authorized sites. Quick response. South Shore of Montreal.","robots":{"index":"index","follow":"follow","max-snippet":"max-snippet:-1","max-image-preview":"max-image-preview:large","max-video-preview":"max-video-preview:-1"},"canonical":"https:\/\/www.jsentrepreneur.com\/en\/services\/snow-hauling\/","og_locale":"en_US","og_type":"article","og_title":"Snow Hauling - JS Entrepreneur G\u00e9n\u00e9ral","og_description":"Snow loading and transport service for parking lots and commercial spaces. Disposal at authorized sites. Quick response. South Shore of Montreal.","og_url":"https:\/\/www.jsentrepreneur.com\/en\/services\/snow-hauling\/","og_site_name":"JS Entrepreneur G\u00e9n\u00e9ral","article_modified_time":"2025-06-05T20:32:09+00:00","twitter_card":"summary_large_image","twitter_misc":{"Est. reading time":"1 minute"},"schema":{"@context":"https:\/\/schema.org","@graph":[{"@type":"WebPage","@id":"https:\/\/www.jsentrepreneur.com\/en\/services\/snow-hauling\/","url":"https:\/\/www.jsentrepreneur.com\/en\/services\/snow-hauling\/","name":"Snow Hauling - JS Entrepreneur G\u00e9n\u00e9ral","isPartOf":{"@id":"https:\/\/www.jsentrepreneur.com\/#website"},"datePublished":"2025-04-01T17:57:57+00:00","dateModified":"2025-06-05T20:32:09+00:00","description":"Snow loading and transport service for parking lots and commercial spaces. Disposal at authorized sites. Quick response. South Shore of Montreal.","breadcrumb":{"@id":"https:\/\/www.jsentrepreneur.com\/en\/services\/snow-hauling\/#breadcrumb"},"inLanguage":"en-US","potentialAction":[{"@type":"ReadAction","target":["https:\/\/www.jsentrepreneur.com\/en\/services\/snow-hauling\/"]}]},{"@type":"BreadcrumbList","@id":"https:\/\/www.jsentrepreneur.com\/en\/services\/snow-hauling\/#breadcrumb","itemListElement":[{"@type":"ListItem","position":1,"name":"Home","item":"https:\/\/www.jsentrepreneur.com\/en\/"},{"@type":"ListItem","position":2,"name":"Services","item":"https:\/\/www.jsentrepreneur.com\/en\/services\/"},{"@type":"ListItem","position":3,"name":"Snow Hauling"}]},{"@type":"WebSite","@id":"https:\/\/www.jsentrepreneur.com\/#website","url":"https:\/\/www.jsentrepreneur.com\/","name":"JS Entrepreneur G\u00e9n\u00e9ral","description":"JS Entrepreneur G\u00e9n\u00e9ral, votre Partenaire de Confiance","publisher":{"@id":"https:\/\/www.jsentrepreneur.com\/#organization"},"potentialAction":[{"@type":"SearchAction","target":{"@type":"EntryPoint","urlTemplate":"https:\/\/www.jsentrepreneur.com\/?s={search_term_string}"},"query-input":{"@type":"PropertyValueSpecification","valueRequired":true,"valueName":"search_term_string"}}],"inLanguage":"en-US"},{"@type":"Organization","@id":"https:\/\/www.jsentrepreneur.com\/#organization","name":"JS Entrepreneur G\u00e9n\u00e9ral","url":"https:\/\/www.jsentrepreneur.com\/","logo":{"@type":"ImageObject","inLanguage":"en-US","@id":"https:\/\/www.jsentrepreneur.com\/#\/schema\/logo\/image\/","url":"https:\/\/www.jsentrepreneur.com\/wp-content\/uploads\/2024\/05\/Logo_hori_JS_Entrepreneur.svg","contentUrl":"https:\/\/www.jsentrepreneur.com\/wp-content\/uploads\/2024\/05\/Logo_hori_JS_Entrepreneur.svg","width":632,"height":374,"caption":"JS Entrepreneur G\u00e9n\u00e9ral"},"image":{"@id":"https:\/\/www.jsentrepreneur.com\/#\/schema\/logo\/image\/"}}]}},"_links":{"self":[{"href":"https:\/\/www.jsentrepreneur.com\/en\/wp-json\/wp\/v2\/pages\/3276","targetHints":{"allow":["GET"]}}],"collection":[{"href":"https:\/\/www.jsentrepreneur.com\/en\/wp-json\/wp\/v2\/pages"}],"about":[{"href":"https:\/\/www.jsentrepreneur.com\/en\/wp-json\/wp\/v2\/types\/page"}],"author":[{"embeddable":true,"href":"https:\/\/www.jsentrepreneur.com\/en\/wp-json\/wp\/v2\/users\/1"}],"replies":[{"embeddable":true,"href":"https:\/\/www.jsentrepreneur.com\/en\/wp-json\/wp\/v2\/comments?post=3276"}],"version-history":[{"count":1,"href":"https:\/\/www.jsentrepreneur.com\/en\/wp-json\/wp\/v2\/pages\/3276\/revisions"}],"predecessor-version":[{"id":3277,"href":"https:\/\/www.jsentrepreneur.com\/en\/wp-json\/wp\/v2\/pages\/3276\/revisions\/3277"}],"up":[{"embeddable":true,"href":"https:\/\/www.jsentrepreneur.com\/en\/wp-json\/wp\/v2\/pages\/3415"}],"wp:attachment":[{"href":"https:\/\/www.jsentrepreneur.com\/en\/wp-json\/wp\/v2\/media?parent=3276"}],"curies":[{"name":"wp","href":"https:\/\/api.w.org\/{rel}","templated":true}]}}