{"id":3300,"date":"2024-05-06T15:19:48","date_gmt":"2024-05-06T19:19:48","guid":{"rendered":"https:\/\/www.jsentrepreneur.com\/?page_id=3300"},"modified":"2025-06-18T10:50:24","modified_gmt":"2025-06-18T14:50:24","slug":"start-your-project","status":"publish","type":"page","link":"https:\/\/www.jsentrepreneur.com\/en\/start-your-project\/","title":{"rendered":"Start your project"},"content":{"rendered":"\t\t<div data-elementor-type=\"wp-page\" data-elementor-id=\"3300\" class=\"elementor elementor-3300 elementor-95\" data-elementor-post-type=\"page\">\n\t\t\t\t<div class=\"elementor-element elementor-element-554a4d8 e-flex e-con-boxed e-con e-parent\" data-id=\"554a4d8\" data-element_type=\"container\" data-settings=\"{&quot;jet_parallax_layout_list&quot;:[]}\">\n\t\t\t\t\t<div class=\"e-con-inner\">\n\t\t\t\t\t<\/div>\n\t\t\t\t<\/div>\n\t\t<div class=\"elementor-element elementor-element-f619ed4 e-flex e-con-boxed e-con e-parent\" data-id=\"f619ed4\" data-element_type=\"container\" data-settings=\"{&quot;background_background&quot;:&quot;classic&quot;,&quot;jet_parallax_layout_list&quot;:[],&quot;background_motion_fx_motion_fx_scrolling&quot;:&quot;yes&quot;,&quot;background_motion_fx_scale_effect&quot;:&quot;yes&quot;,&quot;background_motion_fx_scale_direction&quot;:&quot;in-out&quot;,&quot;background_motion_fx_scale_speed&quot;:{&quot;unit&quot;:&quot;px&quot;,&quot;size&quot;:4,&quot;sizes&quot;:[]},&quot;background_motion_fx_scale_range&quot;:{&quot;unit&quot;:&quot;%&quot;,&quot;size&quot;:&quot;&quot;,&quot;sizes&quot;:{&quot;start&quot;:20,&quot;end&quot;:80}},&quot;background_motion_fx_devices&quot;:[&quot;widescreen&quot;,&quot;desktop&quot;,&quot;tablet&quot;,&quot;mobile&quot;]}\">\n\t\t\t\t\t<div class=\"e-con-inner\">\n\t\t\t\t\t<\/div>\n\t\t\t\t<\/div>\n\t\t<div class=\"elementor-element elementor-element-9b481ea e-flex e-con-boxed e-con e-parent\" data-id=\"9b481ea\" data-element_type=\"container\" data-settings=\"{&quot;jet_parallax_layout_list&quot;:[]}\">\n\t\t\t\t\t<div class=\"e-con-inner\">\n\t\t<div class=\"elementor-element elementor-element-c530a79 e-con-full e-flex e-con e-child\" data-id=\"c530a79\" data-element_type=\"container\" data-settings=\"{&quot;jet_parallax_layout_list&quot;:[],&quot;background_background&quot;:&quot;classic&quot;}\">\n\t\t\t\t<div class=\"elementor-element elementor-element-864fb06 animated-fast elementor-invisible elementor-widget elementor-widget-heading\" data-id=\"864fb06\" data-element_type=\"widget\" data-settings=\"{&quot;_animation&quot;:&quot;fadeInUp&quot;,&quot;_animation_delay&quot;:100}\" data-widget_type=\"heading.default\">\n\t\t\t\t<div class=\"elementor-widget-container\">\n\t\t\t\t\t<h1 class=\"elementor-heading-title elementor-size-default\">Tell us about your project ideas!<\/h1>\t\t\t\t<\/div>\n\t\t\t\t<\/div>\n\t\t\t\t<div class=\"elementor-element elementor-element-c553b44 elementor-widget elementor-widget-text-editor\" data-id=\"c553b44\" data-element_type=\"widget\" data-widget_type=\"text-editor.default\">\n\t\t\t\t<div class=\"elementor-widget-container\">\n\t\t\t\t\t\t\t\t\t<p>For any questions or for more information about our services, feel free to contact us. The JS Entrepreneur team will be happy to respond promptly.<\/p>\t\t\t\t\t\t\t\t<\/div>\n\t\t\t\t<\/div>\n\t\t\t\t<div class=\"elementor-element elementor-element-f461fea elementor-position-left elementor-vertical-align-middle animated-fast elementor-view-default elementor-mobile-position-top elementor-invisible elementor-widget elementor-widget-icon-box\" data-id=\"f461fea\" data-element_type=\"widget\" data-settings=\"{&quot;_animation&quot;:&quot;fadeInUp&quot;,&quot;_animation_delay&quot;:150}\" data-widget_type=\"icon-box.default\">\n\t\t\t\t<div class=\"elementor-widget-container\">\n\t\t\t\t\t\t\t<div class=\"elementor-icon-box-wrapper\">\n\n\t\t\t\t\t\t<div class=\"elementor-icon-box-icon\">\n\t\t\t\t<a href=\"tel:4509990561\" class=\"elementor-icon\" tabindex=\"-1\" aria-label=\"450 999-0561\">\n\t\t\t\t<i aria-hidden=\"true\" class=\"fal fa-phone\"><\/i>\t\t\t\t<\/a>\n\t\t\t<\/div>\n\t\t\t\n\t\t\t\t\t\t<div class=\"elementor-icon-box-content\">\n\n\t\t\t\t\t\t\t\t\t<div class=\"elementor-icon-box-title\">\n\t\t\t\t\t\t<a href=\"tel:4509990561\" >\n\t\t\t\t\t\t\t450 999-0561\t\t\t\t\t\t<\/a>\n\t\t\t\t\t<\/div>\n\t\t\t\t\n\t\t\t\t\n\t\t\t<\/div>\n\t\t\t\n\t\t<\/div>\n\t\t\t\t\t\t<\/div>\n\t\t\t\t<\/div>\n\t\t\t\t<div class=\"elementor-element elementor-element-cd62d14 elementor-position-left elementor-vertical-align-middle animated-fast elementor-view-default elementor-mobile-position-top elementor-invisible elementor-widget elementor-widget-icon-box\" data-id=\"cd62d14\" data-element_type=\"widget\" data-settings=\"{&quot;_animation&quot;:&quot;fadeInUp&quot;,&quot;_animation_delay&quot;:150}\" data-widget_type=\"icon-box.default\">\n\t\t\t\t<div class=\"elementor-widget-container\">\n\t\t\t\t\t\t\t<div class=\"elementor-icon-box-wrapper\">\n\n\t\t\t\t\t\t<div class=\"elementor-icon-box-icon\">\n\t\t\t\t<a href=\"mailto:info@jsentrepreneur.com\" class=\"elementor-icon\" tabindex=\"-1\" aria-label=\"info@jsentrepreneur.com\">\n\t\t\t\t<i aria-hidden=\"true\" class=\"fal fa-envelope\"><\/i>\t\t\t\t<\/a>\n\t\t\t<\/div>\n\t\t\t\n\t\t\t\t\t\t<div class=\"elementor-icon-box-content\">\n\n\t\t\t\t\t\t\t\t\t<div class=\"elementor-icon-box-title\">\n\t\t\t\t\t\t<a href=\"mailto:info@jsentrepreneur.com\" >\n\t\t\t\t\t\t\tinfo@jsentrepreneur.com\t\t\t\t\t\t<\/a>\n\t\t\t\t\t<\/div>\n\t\t\t\t\n\t\t\t\t\n\t\t\t<\/div>\n\t\t\t\n\t\t<\/div>\n\t\t\t\t\t\t<\/div>\n\t\t\t\t<\/div>\n\t\t\t\t<div class=\"elementor-element elementor-element-db3cdd4 elementor-widget elementor-widget-text-editor\" data-id=\"db3cdd4\" data-element_type=\"widget\" data-widget_type=\"text-editor.default\">\n\t\t\t\t<div class=\"elementor-widget-container\">\n\t\t\t\t\t\t\t\t\t<div class=\"elementor-element elementor-element-48b73ea elementor-widget elementor-widget-heading\" data-id=\"48b73ea\" data-element_type=\"widget\" data-widget_type=\"heading.default\"><div class=\"elementor-widget-container\"><h5 class=\"elementor-heading-title elementor-size-default\">Licenses<\/h5><\/div><\/div><div class=\"elementor-element elementor-element-f0f0078 elementor-widget elementor-widget-text-editor\" data-id=\"f0f0078\" data-element_type=\"widget\" data-widget_type=\"text-editor.default\"><div class=\"elementor-widget-container\"><h5>RBQ: 5832-4971-01<br \/>CCQ: 958-203<\/h5><\/div><\/div>\t\t\t\t\t\t\t\t<\/div>\n\t\t\t\t<\/div>\n\t\t\t\t<\/div>\n\t\t<div class=\"elementor-element elementor-element-9d98132 e-con-full e-flex e-con e-child\" data-id=\"9d98132\" data-element_type=\"container\" data-settings=\"{&quot;background_background&quot;:&quot;classic&quot;,&quot;jet_parallax_layout_list&quot;:[]}\">\n\t\t\t\t<div class=\"elementor-element elementor-element-56edb77 elementor-widget elementor-widget-jet-engine-booking-form\" data-id=\"56edb77\" data-element_type=\"widget\" data-widget_type=\"jet-engine-booking-form.default\">\n\t\t\t\t<div class=\"elementor-widget-container\">\n\t\t\t\t\t<form  class=\"jet-form layout-column submit-type-ajax\" action=\"\/en\/wp-json\/wp\/v2\/pages\/3300?jet_engine_action=book&#038;nocache=1776217084\" method=\"POST\" data-form-id=\"3299\"><input class=\"jet-form__field hidden-field\" type=\"hidden\" name=\"_jet_engine_booking_form_id\" value=\"3299\" data-field-name=\"_jet_engine_booking_form_id\"><input class=\"jet-form__field hidden-field\" type=\"hidden\" name=\"_jet_engine_refer\" value=\"https:\/\/www.jsentrepreneur.com\/en\/wp-json\/wp\/v2\/pages\/3300\/\" data-field-name=\"_jet_engine_refer\"><div  class=\"jet-form-row jet-form-row--first-visible\"><div class=\"jet-form-col jet-form-col-6  field-type-text  jet-form-field-container\" data-field=\"Firstname\" data-conditional=\"false\"><input class=\"jet-form__field text-field \" placeholder=\"Firstname\" value=\"\" required=\"required\" name=\"Firstname\" id=\"Firstname\" type=\"text\" data-field-name=\"Firstname\"><\/div><div class=\"jet-form-col jet-form-col-6  field-type-text  jet-form-field-container\" data-field=\"Lastname\" data-conditional=\"false\"><input class=\"jet-form__field text-field \" placeholder=\"Lastname\" value=\"\" required=\"required\" name=\"Lastname\" id=\"Lastname\" type=\"text\" data-field-name=\"Lastname\"><\/div><\/div><div  class=\"jet-form-row\"><div class=\"jet-form-col jet-form-col-12  field-type-text  jet-form-field-container\" data-field=\"Email\" data-conditional=\"false\"><input class=\"jet-form__field text-field \" placeholder=\"Email\" value=\"\" required=\"required\" name=\"Email\" id=\"Email\" type=\"email\" data-field-name=\"Email\"><\/div><\/div><div  class=\"jet-form-row\"><div class=\"jet-form-col jet-form-col-6  field-type-text  jet-form-field-container\" data-field=\"T\u00e9l\u00e9phone\" data-conditional=\"false\"><input class=\"jet-form__field text-field jet-form__masked-field\" placeholder=\"T\u00e9l\u00e9phone\" value=\"\" required=\"required\" name=\"T\u00e9l\u00e9phone\" id=\"T\u00e9l\u00e9phone\" type=\"tel\" data-field-name=\"T\u00e9l\u00e9phone\" data-inputmask=\"'mask': '(999) 999-9999 '\" data-inputmask-clearmaskonlostfocus=\"false\"><\/div><div class=\"jet-form-col jet-form-col-6  field-type-text  jet-form-field-container\" data-field=\"Ville\" data-conditional=\"false\"><input class=\"jet-form__field text-field \" placeholder=\"City\" value=\"\" required=\"required\" name=\"Ville\" id=\"Ville\" type=\"text\" data-field-name=\"Ville\"><\/div><\/div><div  class=\"jet-form-row\"><div class=\"jet-form-col jet-form-col-12  field-type-checkboxes project_type jet-form-field-container\" data-field=\"Type de projet\" data-conditional=\"false\"><div class=\"jet-form__label\">\n\t<span class=\"jet-form__label-text\" >Project type<\/span>\n\t<\/div><div class=\"jet-form__fields-group checkradio-wrap\">\t\t<div class=\"jet-form__field-wrap checkboxes-wrap checkradio-wrap\">\n\t\t\t\t\t\t<label class=\"jet-form__field-label\">\n\t\t\t\t<input\n\t\t\t\t\ttype=\"checkbox\"\n\t\t\t\t\tname=\"Type de projet[]\"\n\t\t\t\t\tclass=\"jet-form__field checkboxes-field checkradio-field\"\n\t\t\t\t\tvalue=\"Construction\"\n\t\t\t\t\tdata-field-name=\"Type de projet\"\n\t\t\t\t\t\t\t\t\t\t\t\t\t\t\t\t\t\t\t>\n\t\t\t\tConstruction and General Renovation\t\t\t<\/label>\n\t\t<\/div>\n\t\t\t\t<div class=\"jet-form__field-wrap checkboxes-wrap checkradio-wrap\">\n\t\t\t\t\t\t<label class=\"jet-form__field-label\">\n\t\t\t\t<input\n\t\t\t\t\ttype=\"checkbox\"\n\t\t\t\t\tname=\"Type de projet[]\"\n\t\t\t\t\tclass=\"jet-form__field checkboxes-field checkradio-field\"\n\t\t\t\t\tvalue=\"Drain\"\n\t\t\t\t\tdata-field-name=\"Type de projet\"\n\t\t\t\t\t\t\t\t\t\t\t\t\t\t\t\t\t\t\t>\n\t\t\t\tFrench drain installation, inspection, and repair\t\t\t<\/label>\n\t\t<\/div>\n\t\t\t\t<div class=\"jet-form__field-wrap checkboxes-wrap checkradio-wrap\">\n\t\t\t\t\t\t<label class=\"jet-form__field-label\">\n\t\t\t\t<input\n\t\t\t\t\ttype=\"checkbox\"\n\t\t\t\t\tname=\"Type de projet[]\"\n\t\t\t\t\tclass=\"jet-form__field checkboxes-field checkradio-field\"\n\t\t\t\t\tvalue=\"Beton\"\n\t\t\t\t\tdata-field-name=\"Type de projet\"\n\t\t\t\t\t\t\t\t\t\t\t\t\t\t\t\t\t\t\t>\n\t\t\t\tResidential and commercial concrete work\t\t\t<\/label>\n\t\t<\/div>\n\t\t\t\t<div class=\"jet-form__field-wrap checkboxes-wrap checkradio-wrap\">\n\t\t\t\t\t\t<label class=\"jet-form__field-label\">\n\t\t\t\t<input\n\t\t\t\t\ttype=\"checkbox\"\n\t\t\t\t\tname=\"Type de projet[]\"\n\t\t\t\t\tclass=\"jet-form__field checkboxes-field checkradio-field\"\n\t\t\t\t\tvalue=\"Fondation\"\n\t\t\t\t\tdata-field-name=\"Type de projet\"\n\t\t\t\t\t\t\t\t\t\t\t\t\t\t\t\t\t\t\t>\n\t\t\t\tFoundation repair and replacement\t\t\t<\/label>\n\t\t<\/div>\n\t\t\t\t<div class=\"jet-form__field-wrap checkboxes-wrap checkradio-wrap\">\n\t\t\t\t\t\t<label class=\"jet-form__field-label\">\n\t\t\t\t<input\n\t\t\t\t\ttype=\"checkbox\"\n\t\t\t\t\tname=\"Type de projet[]\"\n\t\t\t\t\tclass=\"jet-form__field checkboxes-field checkradio-field\"\n\t\t\t\t\tvalue=\"Excavation\"\n\t\t\t\t\tdata-field-name=\"Type de projet\"\n\t\t\t\t\t\t\t\t\t\t\t\t\t\t\t\t\t\t\t>\n\t\t\t\tResidential and commercial excavation work\t\t\t<\/label>\n\t\t<\/div>\n\t\t\t\t<div class=\"jet-form__field-wrap checkboxes-wrap checkradio-wrap\">\n\t\t\t\t\t\t<label class=\"jet-form__field-label\">\n\t\t\t\t<input\n\t\t\t\t\ttype=\"checkbox\"\n\t\t\t\t\tname=\"Type de projet[]\"\n\t\t\t\t\tclass=\"jet-form__field checkboxes-field checkradio-field\"\n\t\t\t\t\tvalue=\"Paysager\"\n\t\t\t\t\tdata-field-name=\"Type de projet\"\n\t\t\t\t\t\t\t\t\t\t\t\t\t\t\t\t\t\t\t>\n\t\t\t\tLandscaping\t\t\t<\/label>\n\t\t<\/div>\n\t\t\t\t<div class=\"jet-form__field-wrap checkboxes-wrap checkradio-wrap\">\n\t\t\t\t\t\t<label class=\"jet-form__field-label\">\n\t\t\t\t<input\n\t\t\t\t\ttype=\"checkbox\"\n\t\t\t\t\tname=\"Type de projet[]\"\n\t\t\t\t\tclass=\"jet-form__field checkboxes-field checkradio-field\"\n\t\t\t\t\tvalue=\"Deneigement\"\n\t\t\t\t\tdata-field-name=\"Type de projet\"\n\t\t\t\t\t\t\t\t\t\t\t\t\t\t\t\t\t\t\t>\n\t\t\t\tCommercial and industrial snow removal service\t\t\t<\/label>\n\t\t<\/div>\n\t\t\t\t<div class=\"jet-form__field-wrap checkboxes-wrap checkradio-wrap\">\n\t\t\t\t\t\t<label class=\"jet-form__field-label\">\n\t\t\t\t<input\n\t\t\t\t\ttype=\"checkbox\"\n\t\t\t\t\tname=\"Type de projet[]\"\n\t\t\t\t\tclass=\"jet-form__field checkboxes-field checkradio-field\"\n\t\t\t\t\tvalue=\"Epandage\"\n\t\t\t\t\tdata-field-name=\"Type de projet\"\n\t\t\t\t\t\t\t\t\t\t\t\t\t\t\t\t\t\t\t>\n\t\t\t\tPerformance salt and urea spreading\t\t\t<\/label>\n\t\t<\/div>\n\t\t\t\t<div class=\"jet-form__field-wrap checkboxes-wrap checkradio-wrap\">\n\t\t\t\t\t\t<label class=\"jet-form__field-label\">\n\t\t\t\t<input\n\t\t\t\t\ttype=\"checkbox\"\n\t\t\t\t\tname=\"Type de projet[]\"\n\t\t\t\t\tclass=\"jet-form__field checkboxes-field checkradio-field\"\n\t\t\t\t\tvalue=\"Transport\"\n\t\t\t\t\tdata-field-name=\"Type de projet\"\n\t\t\t\t\t\t\t\t\t\t\t\t\t\t\t\t\t\t\t>\n\t\t\t\tCommercial snow transport\t\t\t<\/label>\n\t\t<\/div>\n\t\t<\/div><\/div><\/div><div  class=\"jet-form-row\"><div class=\"jet-form-col jet-form-col-12  field-type-textarea  jet-form-field-container\" data-field=\"Message\" data-conditional=\"false\"><textarea class=\"jet-form__field textarea-field\" placeholder=\"Message\" required=\"required\" name=\"Message\" data-field-name=\"Message\" id=\"Message\"><\/textarea><\/div><\/div><div  class=\"jet-form-row jet-form-row--hidden\"><div class=\"jet-form-col jet-form-col-12  field-type-hidden  jet-form-field-container\" data-field=\"post_id\" data-conditional=\"false\"><input class=\"jet-form__field hidden-field\" type=\"hidden\" name=\"post_id\" value=\"3300\" data-field-name=\"post_id\"><\/div><\/div><div  class=\"jet-form-row jet-form-row--hidden\"><div class=\"jet-form-col jet-form-col-12  field-type-hidden  jet-form-field-container\" data-field=\"Quel_Form\" data-conditional=\"false\"><input class=\"jet-form__field hidden-field\" type=\"hidden\" name=\"Quel_Form\" value=\"Page contact\" data-field-name=\"Quel_Form\"><\/div><\/div><div  class=\"jet-form-row jet-form-row--submit\"><div class=\"jet-form-col jet-form-col-12  field-type-submit  jet-form-field-container\" data-field=\"Submit\" data-conditional=\"false\"><div class=\"jet-form__submit-wrap\">\n\t\t<button class=\"jet-form__submit submit-type-ajax\" type=\"button\">Send<\/button>\n<\/div><\/div><\/div><input class=\"jet-form__field hidden-field\" type=\"hidden\" name=\"_jet_engine_nonce\" value=\"91687b9011\" data-field-name=\"_jet_engine_nonce\"><\/form><div class=\"jet-form-messages-wrap\" data-form-id=\"3299\"><\/div>\t\t\t\t<\/div>\n\t\t\t\t<\/div>\n\t\t\t\t<\/div>\n\t\t\t\t\t<\/div>\n\t\t\t\t<\/div>\n\t\t\t\t<\/div>\n\t\t","protected":false},"excerpt":{"rendered":"<p>Tell us about your project ideas! For any questions or for more information about our services, feel free to contact us. The JS Entrepreneur team will be happy to respond promptly. 450 999-0561 info@jsentrepreneur.com Licenses RBQ: 5832-4971-01CCQ: 958-203 Project type Construction and General Renovation French drain installation, inspection, and repair Residential and commercial concrete work [&hellip;]<\/p>\n","protected":false},"author":1,"featured_media":0,"parent":0,"menu_order":0,"comment_status":"closed","ping_status":"closed","template":"","meta":{"footnotes":""},"class_list":["post-3300","page","type-page","status-publish","hentry"],"yoast_head":"<!-- This site is optimized with the Yoast SEO plugin v25.1 - https:\/\/yoast.com\/wordpress\/plugins\/seo\/ -->\n<title>Contact our team of experts for your future residential and commercial projects<\/title>\n<meta name=\"description\" content=\"Put your trust in the JS General Contractor team. Tell us about your ideas and we&#039;ll help you make them a reality! Call us at 450 999-0561\" \/>\n<meta name=\"robots\" content=\"index, follow, max-snippet:-1, max-image-preview:large, max-video-preview:-1\" \/>\n<link rel=\"canonical\" href=\"https:\/\/www.jsentrepreneur.com\/en\/start-your-project\/\" \/>\n<meta property=\"og:locale\" content=\"en_US\" \/>\n<meta property=\"og:type\" content=\"article\" \/>\n<meta property=\"og:title\" content=\"Contact our team of experts for your future residential and commercial projects\" \/>\n<meta property=\"og:description\" content=\"Put your trust in the JS General Contractor team. Tell us about your ideas and we&#039;ll help you make them a reality! Call us at 450 999-0561\" \/>\n<meta property=\"og:url\" content=\"https:\/\/www.jsentrepreneur.com\/en\/start-your-project\/\" \/>\n<meta property=\"og:site_name\" content=\"JS Entrepreneur G\u00e9n\u00e9ral\" \/>\n<meta property=\"article:modified_time\" content=\"2025-06-18T14:50:24+00:00\" \/>\n<meta name=\"twitter:card\" content=\"summary_large_image\" \/>\n<meta name=\"twitter:label1\" content=\"Est. reading time\" \/>\n\t<meta name=\"twitter:data1\" content=\"1 minute\" \/>\n<script type=\"application\/ld+json\" class=\"yoast-schema-graph\">{\"@context\":\"https:\/\/schema.org\",\"@graph\":[{\"@type\":\"WebPage\",\"@id\":\"https:\/\/www.jsentrepreneur.com\/en\/start-your-project\/\",\"url\":\"https:\/\/www.jsentrepreneur.com\/en\/start-your-project\/\",\"name\":\"Contact our team of experts for your future residential and commercial projects\",\"isPartOf\":{\"@id\":\"https:\/\/www.jsentrepreneur.com\/#website\"},\"datePublished\":\"2024-05-06T19:19:48+00:00\",\"dateModified\":\"2025-06-18T14:50:24+00:00\",\"description\":\"Put your trust in the JS General Contractor team. Tell us about your ideas and we'll help you make them a reality! Call us at 450 999-0561\",\"breadcrumb\":{\"@id\":\"https:\/\/www.jsentrepreneur.com\/en\/start-your-project\/#breadcrumb\"},\"inLanguage\":\"en-US\",\"potentialAction\":[{\"@type\":\"ReadAction\",\"target\":[\"https:\/\/www.jsentrepreneur.com\/en\/start-your-project\/\"]}]},{\"@type\":\"BreadcrumbList\",\"@id\":\"https:\/\/www.jsentrepreneur.com\/en\/start-your-project\/#breadcrumb\",\"itemListElement\":[{\"@type\":\"ListItem\",\"position\":1,\"name\":\"Home\",\"item\":\"https:\/\/www.jsentrepreneur.com\/en\/\"},{\"@type\":\"ListItem\",\"position\":2,\"name\":\"Start your project\"}]},{\"@type\":\"WebSite\",\"@id\":\"https:\/\/www.jsentrepreneur.com\/#website\",\"url\":\"https:\/\/www.jsentrepreneur.com\/\",\"name\":\"JS Entrepreneur G\u00e9n\u00e9ral\",\"description\":\"JS Entrepreneur G\u00e9n\u00e9ral, votre Partenaire de Confiance\",\"publisher\":{\"@id\":\"https:\/\/www.jsentrepreneur.com\/#organization\"},\"potentialAction\":[{\"@type\":\"SearchAction\",\"target\":{\"@type\":\"EntryPoint\",\"urlTemplate\":\"https:\/\/www.jsentrepreneur.com\/?s={search_term_string}\"},\"query-input\":{\"@type\":\"PropertyValueSpecification\",\"valueRequired\":true,\"valueName\":\"search_term_string\"}}],\"inLanguage\":\"en-US\"},{\"@type\":\"Organization\",\"@id\":\"https:\/\/www.jsentrepreneur.com\/#organization\",\"name\":\"JS Entrepreneur G\u00e9n\u00e9ral\",\"url\":\"https:\/\/www.jsentrepreneur.com\/\",\"logo\":{\"@type\":\"ImageObject\",\"inLanguage\":\"en-US\",\"@id\":\"https:\/\/www.jsentrepreneur.com\/#\/schema\/logo\/image\/\",\"url\":\"https:\/\/www.jsentrepreneur.com\/wp-content\/uploads\/2024\/05\/Logo_hori_JS_Entrepreneur.svg\",\"contentUrl\":\"https:\/\/www.jsentrepreneur.com\/wp-content\/uploads\/2024\/05\/Logo_hori_JS_Entrepreneur.svg\",\"width\":632,\"height\":374,\"caption\":\"JS Entrepreneur G\u00e9n\u00e9ral\"},\"image\":{\"@id\":\"https:\/\/www.jsentrepreneur.com\/#\/schema\/logo\/image\/\"}}]}<\/script>\n<!-- \/ Yoast SEO plugin. -->","yoast_head_json":{"title":"Contact our team of experts for your future residential and commercial projects","description":"Put your trust in the JS General Contractor team. Tell us about your ideas and we'll help you make them a reality! Call us at 450 999-0561","robots":{"index":"index","follow":"follow","max-snippet":"max-snippet:-1","max-image-preview":"max-image-preview:large","max-video-preview":"max-video-preview:-1"},"canonical":"https:\/\/www.jsentrepreneur.com\/en\/start-your-project\/","og_locale":"en_US","og_type":"article","og_title":"Contact our team of experts for your future residential and commercial projects","og_description":"Put your trust in the JS General Contractor team. Tell us about your ideas and we'll help you make them a reality! Call us at 450 999-0561","og_url":"https:\/\/www.jsentrepreneur.com\/en\/start-your-project\/","og_site_name":"JS Entrepreneur G\u00e9n\u00e9ral","article_modified_time":"2025-06-18T14:50:24+00:00","twitter_card":"summary_large_image","twitter_misc":{"Est. reading time":"1 minute"},"schema":{"@context":"https:\/\/schema.org","@graph":[{"@type":"WebPage","@id":"https:\/\/www.jsentrepreneur.com\/en\/start-your-project\/","url":"https:\/\/www.jsentrepreneur.com\/en\/start-your-project\/","name":"Contact our team of experts for your future residential and commercial projects","isPartOf":{"@id":"https:\/\/www.jsentrepreneur.com\/#website"},"datePublished":"2024-05-06T19:19:48+00:00","dateModified":"2025-06-18T14:50:24+00:00","description":"Put your trust in the JS General Contractor team. Tell us about your ideas and we'll help you make them a reality! Call us at 450 999-0561","breadcrumb":{"@id":"https:\/\/www.jsentrepreneur.com\/en\/start-your-project\/#breadcrumb"},"inLanguage":"en-US","potentialAction":[{"@type":"ReadAction","target":["https:\/\/www.jsentrepreneur.com\/en\/start-your-project\/"]}]},{"@type":"BreadcrumbList","@id":"https:\/\/www.jsentrepreneur.com\/en\/start-your-project\/#breadcrumb","itemListElement":[{"@type":"ListItem","position":1,"name":"Home","item":"https:\/\/www.jsentrepreneur.com\/en\/"},{"@type":"ListItem","position":2,"name":"Start your project"}]},{"@type":"WebSite","@id":"https:\/\/www.jsentrepreneur.com\/#website","url":"https:\/\/www.jsentrepreneur.com\/","name":"JS Entrepreneur G\u00e9n\u00e9ral","description":"JS Entrepreneur G\u00e9n\u00e9ral, votre Partenaire de Confiance","publisher":{"@id":"https:\/\/www.jsentrepreneur.com\/#organization"},"potentialAction":[{"@type":"SearchAction","target":{"@type":"EntryPoint","urlTemplate":"https:\/\/www.jsentrepreneur.com\/?s={search_term_string}"},"query-input":{"@type":"PropertyValueSpecification","valueRequired":true,"valueName":"search_term_string"}}],"inLanguage":"en-US"},{"@type":"Organization","@id":"https:\/\/www.jsentrepreneur.com\/#organization","name":"JS Entrepreneur G\u00e9n\u00e9ral","url":"https:\/\/www.jsentrepreneur.com\/","logo":{"@type":"ImageObject","inLanguage":"en-US","@id":"https:\/\/www.jsentrepreneur.com\/#\/schema\/logo\/image\/","url":"https:\/\/www.jsentrepreneur.com\/wp-content\/uploads\/2024\/05\/Logo_hori_JS_Entrepreneur.svg","contentUrl":"https:\/\/www.jsentrepreneur.com\/wp-content\/uploads\/2024\/05\/Logo_hori_JS_Entrepreneur.svg","width":632,"height":374,"caption":"JS Entrepreneur G\u00e9n\u00e9ral"},"image":{"@id":"https:\/\/www.jsentrepreneur.com\/#\/schema\/logo\/image\/"}}]}},"_links":{"self":[{"href":"https:\/\/www.jsentrepreneur.com\/en\/wp-json\/wp\/v2\/pages\/3300","targetHints":{"allow":["GET"]}}],"collection":[{"href":"https:\/\/www.jsentrepreneur.com\/en\/wp-json\/wp\/v2\/pages"}],"about":[{"href":"https:\/\/www.jsentrepreneur.com\/en\/wp-json\/wp\/v2\/types\/page"}],"author":[{"embeddable":true,"href":"https:\/\/www.jsentrepreneur.com\/en\/wp-json\/wp\/v2\/users\/1"}],"replies":[{"embeddable":true,"href":"https:\/\/www.jsentrepreneur.com\/en\/wp-json\/wp\/v2\/comments?post=3300"}],"version-history":[{"count":25,"href":"https:\/\/www.jsentrepreneur.com\/en\/wp-json\/wp\/v2\/pages\/3300\/revisions"}],"predecessor-version":[{"id":3517,"href":"https:\/\/www.jsentrepreneur.com\/en\/wp-json\/wp\/v2\/pages\/3300\/revisions\/3517"}],"wp:attachment":[{"href":"https:\/\/www.jsentrepreneur.com\/en\/wp-json\/wp\/v2\/media?parent=3300"}],"curies":[{"name":"wp","href":"https:\/\/api.w.org\/{rel}","templated":true}]}}